{"id":181,"date":"2025-08-28T19:35:04","date_gmt":"2025-08-28T19:35:04","guid":{"rendered":"https:\/\/giovannidalessi.com\/?page_id=181"},"modified":"2026-03-30T20:19:08","modified_gmt":"2026-03-30T20:19:08","slug":"exhibitions","status":"publish","type":"page","link":"https:\/\/giovannidalessi.com\/en\/exhibitions\/","title":{"rendered":"exhibitions"},"content":{"rendered":"<p><\/p>\n\n\n\n<p>2026<br>Pane Quotidiano, Galerie InDruk, &#8216;s-hertogenbosch (solo)<br><\/p>\n\n\n\n<p>2025<br>The Walled Garden, De Kruisruimte, Eindhoven (solo)<br>Gen F \u2013\u00a075\u00a0jaar figuratieve kunst, Drents Museum<\/p>\n\n\n\n<p>2024<br>FASHION ART, Ba\u00f1os \u00c1rabes, Ja\u00e9n, Spanje<br>CMPLY CMPLX 8.0, Stichting Complex, Eindhoven<\/p>\n\n\n\n<p>2023<br>De Nieuwe Passie, Bethelkerk Scheveningen (solo)<\/p>\n\n\n\n<p>2021<br>CMPLY CMPLX 9.0, Stichting Complex, Eindhoven<\/p>\n\n\n\n<p>2020<br>CMPLY CMPLX 8.0, Stichting Complex, Eindhoven<\/p>\n\n\n\n<p>2019<br>T56 Edition, Eindhoven<\/p>\n\n\n\n<p>2018<br>CMPLY CMPLX 6.0, Stichting Complex, Eindhoven<br>Portretten, World Art Delft, Delft<br>Nieuwe Iconen voor oude kerken, Friese Greidhoeke, Friesland<br>Wie zeggen de mensen dat ik ben, Grote Kerk, Leeuwarden<\/p>\n\n\n\n<p>2017<br>Madonna met Kind, Domkerk, Utrecht (solo)<br>Due Voci\u2019, Galerie Wanda Reiff, Bemelen<br>Vaasotheek, KunstFort, Asperen<br>CMPLY CMPLX 5.0, Stichting Complex, Eindhoven<\/p>\n\n\n\n<p>2016<br>FASHION ART EU | MEAM Museu Europeu d\u2019Art Modern Barcelona<br>Dagelijks Brood, Museum Slager, \u2018s-Hertogenbosch (solo)<br>In het licht van Vermeer, World Art Delft, Delft<br>Vaasotheek, Elisabeth Ziekenhuis, Tilburg<\/p>\n\n\n\n<p>2015<br>FASHION ART EU | European Parlamentarium, Brussels<br>PROEVE(N) VAN DESIGN,Fabrique Ceramic,Dutch Design Week, Eindhoven<br>Vrouwen die verleiden,Museum Markiezenhof, Bergen op Zoom<br>Realisme 15, Alicia Winters Galeri\u00e0, Amsterdam (solo)<br>Kunst in de Vesting, Heusden<\/p>\n\n\n\n<p>2014<br>Alicia Winters Galeri\u00e0, Arnhem (solo)<br>A One Night Stand, Stichting Complex, Eindhoven<br>Huub Hannen, Maastricht<br>Art The Hague, Huub Hannen, Den Haag<br>Realisme 14, Collectie Harms Rolde, Amsterdam<br>Residency Sundaymorning@EKWC,\u2019s-Hertogenbosch<br>Stilleven-Still Life, Museum De Pont, Tilburg<\/p>\n\n\n\n<p>2013<br>Stilleven-Still Life, Museum De Pont, Tilburg<br>Zeven Werken Zeven Kerken, Friese Greidhoeke, Friesland<br>PAN amsterdam, Collectie Harms Rolde, Amsterdam<br>Realisme 13, Galerie Jacoba Wijck, Amsterdam (solo)<br>Nieuwe Uitleenschatten, Der Aa-kerk, CBK Groningen<br>Art Zaanstad, Zaanstad<br>Bijzondere groot grafiek, kunstenaarsinitiatief De Nieuwe Gang, Beuningen<br>Kunst Bi\u00ebnnale Heusden, Heusden<br>Grote kleine Grafiek Expo, Grafisch Atelier Daglicht, Eindhoven<br>Kunstenaar van het jaar 2013, stichting Kunstweek<\/p>\n\n\n\n<p>2012<br>DepARTmentSTORE 5, Centraal Museum Utrecht, Utrecht<br>Huub Hannen Galerie, Maastricht (solo)<br>KunstRai, Huub Hannen Galerie, Amsterdam<br>Art Antique Beurs, Galerie Dom\u2019 Arte, Utrecht<br>Brabantsedag Meesterwerken, Vaasotheek,\u2019t Perron, Heeze<\/p>\n\n\n\n<p>2011<br>Excellent Wonen &amp; Leven Beurs 2011, Eindhoven (solo)<br>CBKV de Krabbedans Eindhoven, Vaasotheek<br>Podium DAK, actuele kunst ,Vaasotheek, Geldrop<br>Il Giorno Dopo, Mo Lewis, Utrecht (solo)<br>Una Serata Particolare, Private Viewing, Mo Lewis, Utrecht (solo)<br>DE ZONEN, Realisme 2011 Amsterdam, Galerie Jacoba Wijk<\/p>\n\n\n\n<p>2010&nbsp;<br>Small Publishers Fair, Peter Foolen Editions, London<br>One Blue Moment, Galerie Sch\u00fctte, Essen. Deutschland<br>A la c\u2019Arte, Noordbrabants Museum, \u2019s-Hertogenbosch<br>Hoop Geloof &amp; De Liefde, Galerie Jacoba Wijk, Wehe-den Hoorn<br>In Bloei, Galerie Zand, Eindhoven<br>ROMA Artfair, Itali\u00eb, Ermanno Tedeschi Gallery, Roma<br>Art Amsterdam,Jan Van Hoof Galerie<br>Art Rotterdam, Flatland Gallery<br>Re &amp; Act, Arti et Amicitiae, Amsterdam<\/p>\n\n\n\n<p>2009<br>Uccellacci e Uccellini, Flatland Gallery,Utrecht, (solo)<br>Met eigen ogen,Noordbrabants Museum, \u2019s-Hertogenbosch<br>Scope Basel, Flatland Gallery<br>Art Amsterdam, Flatland Gallery<br>Art Rotterdam, Flatland Gallery<br>Vaasotheek, Het Stok-Kruithuis, \u2018s-Hertogenbosch<\/p>\n\n\n\n<p>2008&nbsp;<br>The Italian Connection, Flatland Gallery, Utrecht, (solo)<br>Ermanno Tedeschi Gallery, Roma, Itali\u00eb, (solo)<br>Art Amsterdam, Flatland Gallery<br>Art Rotterdam, Flatland Gallery<br>Scope London, Flatland Gallery<br>Show off ,Paris, Flatland Gallery<\/p>\n\n\n\n<p>2007<br>Ermanno Tedeschi Gallery, Milaan, Itali\u00eb (solo)<br>Exotica, Flatland Gallery, Utrecht<br>Promisedland, Ermanno Tedeschi Gallery, Roma<br>Flatland Paris, Paris<br>Jan Van Hoof Galerie de Annex, Roosendaal<br>Show off, Paris, Flatland Gallery<br>Vaasotheek, CBKV de Krabbedans, Eindhoven<\/p>\n\n\n\n<p>2006&nbsp;<br>Slalom Gigante, Ermanno Tedeschi Gallery, Turijn, Itali\u00eb<br>Nuova pittura fiamminga e olandese, Entro Terra, Milaan, Itali\u00eb<br>Dalessi &amp; Amici, (curator;G.Dalessi) Jan Van Hoof Galerie, \u2019s-Hertogenbosch<br>De Italiaanse Verlokking, Museum Het Valkhof, Nijmegen<br>De kunstenaar aan het woord, Noordbrabants Museum, \u2019s-Hertogenbosch<br>Miart, Milaan, Ermanno Tedeschi Gallery<br>Artisima, Turijn, Ermanno Tedeschi Gallery<\/p>\n\n\n\n<p>2005<br>Pane Quotidiano, (curator; Norma Mangione) Ermanno Tedeschi Gallery, Turijn, Itali\u00eb (solo)<br>The Living Room, Amsterdam (solo)<br>Far from the Sea, K\u00fcnstlerhaus Palais Thurn und Taxis, Bregenz, Oostenrijk<br>Religie in de Hedendaagse Kunst, Gorcums Museum, Gorinchem<br>Kunst-Rai, Amsterdam, The Living Room<br>Artisima, Turijn, Ermanno Tedeschi Gallery<br>Art-Cologne, Keulen, The Living Room<\/p>\n\n\n\n<p>2004<br>The Living Room, Amsterdam (solo)<br>Far from the Sea, Vanderbilt University Fine Arts Gallery, Nashville, Tennessee<br>Far from the Sea, Museum Kurhaus, Kleve, Duitsland<br>Stichting October, Nieuwe Brabantse Kunststichting, Breda<br>Le Gardin, Galerie Peninsula, Eindhoven<br>Mi ricordo, (curator; Norma Mangione) Ermanno Tedeschi Gallery, Turijn, Itali\u00eb<br>Kunst-Rai, Amsterdam, The Living Room<br>Art-Cologne, Keulen, The Living Room Artisima, Turijn, Ermanno Tedeschi Gallery<\/p>\n\n\n\n<p>2003&nbsp;<br>Sempre pi\u00f9 bella (met Peer Veneman), Jan van Hoof Galerie, \u2019s-Hertogenbosch (solo)<br>De krabbedans, Eindhoven (solo)<br>Wishful Tekening, Galerie Peninsula, Eindhoven<br>Kunst-Rai, Amsterdam, The Living Room<br>Artisima,Turijn, The Living Room<\/p>\n\n\n\n<p>2002&nbsp;<br>The Living Room, Amsterdam (solo)<br>Liefde op het eerste gezicht, Noordbrabants Museum, \u2019s-Hertogenbosch<br>Tokens, Museum Waterland, Purmerend<br>Kunst-Rai, Amsterdam, The Living Room<br>Artisima,Turijn, The Living Room<\/p>\n\n\n\n<p>2001<br>The Living Room, Amsterdam (solo)<br>Italia, il richiamo eterno, Flatland Gallery, Utrecht<br>Aanwinsten hedendaagse kunst, Noordbrabants Museum, \u2019s-Hertogenbosch<br>Kunst-Rai, Amsterdam, The Living Room<br>Artisima,Turijn, The Living Room<\/p>\n\n\n\n<p>2000<br>Kunst-Rai, Amsterdam, The Living Room<\/p>\n\n\n\n<p>1999<br>Sursum Corda, The Living Room, Amsterdam (solo)<br>Driespraak,(met Theo van de Goor en Nour-Eddine Jarram), De Pronkkamer, Uden<br>Bestendige Aanwezigheid, Centrum Beeldende Kunst, Groningen<br>Face the portrait-reflect your mind, Museum het Kruithuis, \u2019s-Hertogenbosch<br>Kunst-Rai, Amsterdam, The Living Room<\/p>\n\n\n\n<p>1998<br>Kunst-Rai, Amsterdam, The Living Room<\/p>\n\n\n\n<p>1997<br>Vaderschapsverlof (met Henk Olijve), galerie Kiem, Utrecht (solo)<br>Da Capo, The Living Room, Amsterdam (solo)<br>International Print Exhibition, Portland Art Museum, Oregon, USA<br>Leids Universitair Medisch Centrum, Leiden<\/p>\n\n\n\n<p>1995&nbsp;<br>Grafiek op de Grens, Nieuwe Brabantse Kunststichting, Breda<br>Grafiek op de Grens, Internationaal Cultureel Centrum, Antwerpen<\/p>\n\n\n\n<p>1993<br>Galerie Peninsula, Eindhoven (solo)<br>Zien, Voelen, Beleven, collectie W. Sengers, Vrije Universiteit Amsterdam<br>Kunst-Rai Amsterdam, Galerie Peninsula, Eindhoven<\/p>","protected":false},"excerpt":{"rendered":"<p>2026Pane Quotidiano, Galerie InDruk, &#8216;s-hertogenbosch (solo) 2025The Walled Garden, De Kruisruimte, Eindhoven (solo)Gen F \u2013\u00a075\u00a0jaar figuratieve kunst, Drents Museum 2024FASHION ART, Ba\u00f1os \u00c1rabes, Ja\u00e9n, SpanjeCMPLY CMPLX 8.0, Stichting Complex, Eindhoven 2023De Nieuwe Passie, Bethelkerk Scheveningen (solo) 2021CMPLY CMPLX 9.0, Stichting Complex, Eindhoven 2020CMPLY CMPLX 8.0, Stichting Complex, Eindhoven 2019T56 Edition, Eindhoven 2018CMPLY CMPLX 6.0, Stichting [&hellip;]<\/p>","protected":false},"author":1,"featured_media":0,"parent":0,"menu_order":0,"comment_status":"closed","ping_status":"closed","template":"","meta":{"footnotes":""},"class_list":["post-181","page","type-page","status-publish","hentry"],"_links":{"self":[{"href":"https:\/\/giovannidalessi.com\/en\/wp-json\/wp\/v2\/pages\/181","targetHints":{"allow":["GET"]}}],"collection":[{"href":"https:\/\/giovannidalessi.com\/en\/wp-json\/wp\/v2\/pages"}],"about":[{"href":"https:\/\/giovannidalessi.com\/en\/wp-json\/wp\/v2\/types\/page"}],"author":[{"embeddable":true,"href":"https:\/\/giovannidalessi.com\/en\/wp-json\/wp\/v2\/users\/1"}],"replies":[{"embeddable":true,"href":"https:\/\/giovannidalessi.com\/en\/wp-json\/wp\/v2\/comments?post=181"}],"version-history":[{"count":13,"href":"https:\/\/giovannidalessi.com\/en\/wp-json\/wp\/v2\/pages\/181\/revisions"}],"predecessor-version":[{"id":1030,"href":"https:\/\/giovannidalessi.com\/en\/wp-json\/wp\/v2\/pages\/181\/revisions\/1030"}],"wp:attachment":[{"href":"https:\/\/giovannidalessi.com\/en\/wp-json\/wp\/v2\/media?parent=181"}],"curies":[{"name":"wp","href":"https:\/\/api.w.org\/{rel}","templated":true}]}}